{"id":362,"date":"2025-01-07T15:39:45","date_gmt":"2025-01-07T14:39:45","guid":{"rendered":"https:\/\/digitaleditor75.fr\/?post_type=product&#038;p=362"},"modified":"2025-01-07T15:43:17","modified_gmt":"2025-01-07T14:43:17","slug":"lot-lave-linge-seche-linge","status":"publish","type":"product","link":"https:\/\/digitaleditor75.fr\/?product=lot-lave-linge-seche-linge","title":{"rendered":"Lot de Lave-Linge S\u00e8che-Linge Marque SIEMENS"},"content":{"rendered":"<p>Chaise Bureau Design en bois rev\u00eatu de cuir blanc. Styl\u00e9, Confortable, Chic.<\/p>\n","protected":false},"excerpt":{"rendered":"<p>Chaise Bureau Design en bois rev\u00eatu de cuir blanc. Styl\u00e9, Confortable, Chic.<\/p>\n","protected":false},"featured_media":357,"comment_status":"open","ping_status":"closed","template":"","meta":[],"product_cat":[34,37],"product_tag":[],"class_list":{"0":"post-362","1":"product","2":"type-product","3":"status-publish","4":"has-post-thumbnail","6":"product_cat-dernieres-arrivees","7":"product_cat-electro-menager-appareils-electriques","9":"first","10":"instock","11":"sale","12":"featured","13":"sold-individually","14":"shipping-taxable","15":"purchasable","16":"product-type-simple"},"_links":{"self":[{"href":"https:\/\/digitaleditor75.fr\/index.php?rest_route=\/wp\/v2\/product\/362","targetHints":{"allow":["GET"]}}],"collection":[{"href":"https:\/\/digitaleditor75.fr\/index.php?rest_route=\/wp\/v2\/product"}],"about":[{"href":"https:\/\/digitaleditor75.fr\/index.php?rest_route=\/wp\/v2\/types\/product"}],"replies":[{"embeddable":true,"href":"https:\/\/digitaleditor75.fr\/index.php?rest_route=%2Fwp%2Fv2%2Fcomments&post=362"}],"wp:featuredmedia":[{"embeddable":true,"href":"https:\/\/digitaleditor75.fr\/index.php?rest_route=\/wp\/v2\/media\/357"}],"wp:attachment":[{"href":"https:\/\/digitaleditor75.fr\/index.php?rest_route=%2Fwp%2Fv2%2Fmedia&parent=362"}],"wp:term":[{"taxonomy":"product_cat","embeddable":true,"href":"https:\/\/digitaleditor75.fr\/index.php?rest_route=%2Fwp%2Fv2%2Fproduct_cat&post=362"},{"taxonomy":"product_tag","embeddable":true,"href":"https:\/\/digitaleditor75.fr\/index.php?rest_route=%2Fwp%2Fv2%2Fproduct_tag&post=362"}],"curies":[{"name":"wp","href":"https:\/\/api.w.org\/{rel}","templated":true}]}}