{"id":319,"date":"2025-01-07T12:22:56","date_gmt":"2025-01-07T11:22:56","guid":{"rendered":"https:\/\/digitaleditor75.fr\/?page_id=319"},"modified":"2025-01-07T12:29:16","modified_gmt":"2025-01-07T11:29:16","slug":"shop-categories-store-trokeur-maisons","status":"publish","type":"page","link":"https:\/\/digitaleditor75.fr\/?page_id=319","title":{"rendered":"Shopping Categories TROKEUR MAISONS store"},"content":{"rendered":"\t\t<div data-elementor-type=\"wp-page\" data-elementor-id=\"319\" class=\"elementor elementor-319\" data-elementor-post-type=\"page\">\n\t\t\t\t<div class=\"elementor-element elementor-element-2d3bcda9 e-flex e-con-boxed e-con e-parent\" data-id=\"2d3bcda9\" data-element_type=\"container\" data-settings=\"{&quot;background_background&quot;:&quot;classic&quot;}\">\n\t\t\t\t\t<div class=\"e-con-inner\">\n\t\t<div class=\"elementor-element elementor-element-5c5d84f9 e-con-full e-flex e-con e-child\" data-id=\"5c5d84f9\" data-element_type=\"container\">\n\t\t<div class=\"elementor-element elementor-element-2f5f6701 e-con-full e-flex e-con e-child\" data-id=\"2f5f6701\" data-element_type=\"container\" data-settings=\"{&quot;background_background&quot;:&quot;classic&quot;}\">\n\t\t\t\t<div class=\"elementor-element elementor-element-8dc9b01 elementor-widget elementor-widget-heading\" data-id=\"8dc9b01\" data-element_type=\"widget\" data-widget_type=\"heading.default\">\n\t\t\t\t<div class=\"elementor-widget-container\">\n\t\t\t\t\t<h3 class=\"elementor-heading-title elementor-size-default\"><span style=\"color:#000000\">TROKEUR MAISONS<br><\/span><br>Mobilier &amp; Objets <br><br>Tout pour la maison en Seconde Chance<\/h3>\t\t\t\t<\/div>\n\t\t\t\t<\/div>\n\t\t<div class=\"elementor-element elementor-element-328b93c8 e-con-full e-flex e-con e-child\" data-id=\"328b93c8\" data-element_type=\"container\">\n\t\t\t\t<div class=\"elementor-element elementor-element-3bfa9843 elementor-align-left elementor-mobile-align-center elementor-widget elementor-widget-button\" data-id=\"3bfa9843\" data-element_type=\"widget\" data-widget_type=\"button.default\">\n\t\t\t\t<div class=\"elementor-widget-container\">\n\t\t\t\t\t\t\t\t\t<div class=\"elementor-button-wrapper\">\n\t\t\t\t\t<a class=\"elementor-button elementor-button-link elementor-size-sm elementor-animation-grow\" href=\"https:\/\/digitaleditor75.fr\/\">\n\t\t\t\t\t\t<span class=\"elementor-button-content-wrapper\">\n\t\t\t\t\t\t\t\t\t<span class=\"elementor-button-text\">Boutiques &gt;<\/span>\n\t\t\t\t\t<\/span>\n\t\t\t\t\t<\/a>\n\t\t\t\t<\/div>\n\t\t\t\t\t\t\t\t<\/div>\n\t\t\t\t<\/div>\n\t\t\t\t<\/div>\n\t\t\t\t<\/div>\n\t\t<div class=\"elementor-element elementor-element-611da8dd e-con-full e-flex e-con e-child\" data-id=\"611da8dd\" data-element_type=\"container\" data-settings=\"{&quot;background_background&quot;:&quot;classic&quot;}\">\n\t\t\t\t<\/div>\n\t\t\t\t<\/div>\n\t\t<div class=\"elementor-element elementor-element-4cd070f2 e-con-full e-flex e-con e-child\" data-id=\"4cd070f2\" data-element_type=\"container\">\n\t\t<div class=\"elementor-element elementor-element-27c9b740 e-con-full e-flex e-con e-child\" data-id=\"27c9b740\" data-element_type=\"container\" data-settings=\"{&quot;background_background&quot;:&quot;classic&quot;}\">\n\t\t\t\t<\/div>\n\t\t<div class=\"elementor-element elementor-element-516fe4a0 e-con-full e-flex e-con e-child\" data-id=\"516fe4a0\" data-element_type=\"container\" data-settings=\"{&quot;background_background&quot;:&quot;classic&quot;}\">\n\t\t\t\t<div class=\"elementor-element elementor-element-6c922086 elementor-widget elementor-widget-heading\" data-id=\"6c922086\" data-element_type=\"widget\" data-widget_type=\"heading.default\">\n\t\t\t\t<div class=\"elementor-widget-container\">\n\t\t\t\t\t<h3 class=\"elementor-heading-title elementor-size-default\"><a href=\"https:\/\/trokeur-debarras.fr\"><span style=\"color:#000000\">TROKEUR D\u00c9BARRAS<\/span><br><br>Services D\u00e9barras Maison<br><br>Succession Senior <\/a><\/h3>\t\t\t\t<\/div>\n\t\t\t\t<\/div>\n\t\t<div class=\"elementor-element elementor-element-32de7460 e-con-full e-flex e-con e-child\" data-id=\"32de7460\" data-element_type=\"container\">\n\t\t\t\t<div class=\"elementor-element elementor-element-10882395 elementor-align-left elementor-mobile-align-center elementor-widget elementor-widget-button\" data-id=\"10882395\" data-element_type=\"widget\" data-widget_type=\"button.default\">\n\t\t\t\t<div class=\"elementor-widget-container\">\n\t\t\t\t\t\t\t\t\t<div class=\"elementor-button-wrapper\">\n\t\t\t\t\t<a class=\"elementor-button elementor-button-link elementor-size-sm elementor-animation-grow\" href=\"https:\/\/trokeur-debarras.fr\">\n\t\t\t\t\t\t<span class=\"elementor-button-content-wrapper\">\n\t\t\t\t\t\t\t\t\t<span class=\"elementor-button-text\">Trokeur D\u00e9barras&gt;<\/span>\n\t\t\t\t\t<\/span>\n\t\t\t\t\t<\/a>\n\t\t\t\t<\/div>\n\t\t\t\t\t\t\t\t<\/div>\n\t\t\t\t<\/div>\n\t\t\t\t<\/div>\n\t\t\t\t<\/div>\n\t\t\t\t<\/div>\n\t\t\t\t\t<\/div>\n\t\t\t\t<\/div>\n\t\t<div class=\"elementor-element elementor-element-3ded739 e-grid e-con-boxed e-con e-parent\" data-id=\"3ded739\" data-element_type=\"container\">\n\t\t\t\t\t<div class=\"e-con-inner\">\n\t\t\t\t<div class=\"elementor-element elementor-element-8064e2c elementor-widget elementor-widget-heading\" data-id=\"8064e2c\" data-element_type=\"widget\" data-widget_type=\"heading.default\">\n\t\t\t\t<div class=\"elementor-widget-container\">\n\t\t\t\t\t<h2 class=\"elementor-heading-title elementor-size-default\">TROKEUR MAISONS boutique 75<\/h2>\t\t\t\t<\/div>\n\t\t\t\t<\/div>\n\t\t\t\t<div class=\"elementor-element elementor-element-8b6a873 elementor-widget elementor-widget-heading\" data-id=\"8b6a873\" data-element_type=\"widget\" data-widget_type=\"heading.default\">\n\t\t\t\t<div class=\"elementor-widget-container\">\n\t\t\t\t\t<h4 class=\"elementor-heading-title elementor-size-default\">TROKEUR MAISONS Toutes nos cat\u00e9gories<\/h4>\t\t\t\t<\/div>\n\t\t\t\t<\/div>\n\t\t\t\t\t<\/div>\n\t\t\t\t<\/div>\n\t\t<div class=\"elementor-element elementor-element-c0221ab e-flex e-con-boxed e-con e-parent\" data-id=\"c0221ab\" data-element_type=\"container\">\n\t\t\t\t\t<div class=\"e-con-inner\">\n\t\t<div class=\"elementor-element elementor-element-222fc95 e-con-full e-flex e-con e-child\" data-id=\"222fc95\" data-element_type=\"container\">\n\t\t\t\t<div class=\"elementor-element elementor-element-e1a6c71 elementor-widget elementor-widget-menu-anchor\" data-id=\"e1a6c71\" data-element_type=\"widget\" data-widget_type=\"menu-anchor.default\">\n\t\t\t\t<div class=\"elementor-widget-container\">\n\t\t\t\t\t\t\t<div class=\"elementor-menu-anchor\" id=\"shop-categories\"><\/div>\n\t\t\t\t\t\t<\/div>\n\t\t\t\t<\/div>\n\t\t\t\t<\/div>\n\t\t\t\t\t<\/div>\n\t\t\t\t<\/div>\n\t\t<div class=\"elementor-element elementor-element-59611a7e e-con-full e-flex e-con e-parent\" data-id=\"59611a7e\" data-element_type=\"container\" data-settings=\"{&quot;background_background&quot;:&quot;classic&quot;}\">\n\t\t<div class=\"elementor-element elementor-element-1d54f51a e-con-full e-flex e-con e-child\" data-id=\"1d54f51a\" data-element_type=\"container\">\n\t\t<div class=\"elementor-element elementor-element-5b38c714 e-con-full e-flex e-con e-child\" data-id=\"5b38c714\" data-element_type=\"container\">\n\t\t\t\t<div class=\"elementor-element elementor-element-21367c6f elementor-widget elementor-widget-heading\" data-id=\"21367c6f\" data-element_type=\"widget\" data-widget_type=\"heading.default\">\n\t\t\t\t<div class=\"elementor-widget-container\">\n\t\t\t\t\t<h3 class=\"elementor-heading-title elementor-size-default\">D\u00e9coration<br>Int\u00e9rieur<\/br><\/h3>\t\t\t\t<\/div>\n\t\t\t\t<\/div>\n\t\t<div class=\"elementor-element elementor-element-50b96b4b e-con-full e-flex e-con e-child\" data-id=\"50b96b4b\" data-element_type=\"container\">\n\t\t\t\t<div class=\"elementor-element elementor-element-2b5f0ea7 elementor-align-left elementor-mobile-align-center elementor-widget elementor-widget-button\" data-id=\"2b5f0ea7\" data-element_type=\"widget\" data-widget_type=\"button.default\">\n\t\t\t\t<div class=\"elementor-widget-container\">\n\t\t\t\t\t\t\t\t\t<div class=\"elementor-button-wrapper\">\n\t\t\t\t\t<a class=\"elementor-button elementor-button-link elementor-size-sm elementor-animation-grow\" href=\"#\">\n\t\t\t\t\t\t<span class=\"elementor-button-content-wrapper\">\n\t\t\t\t\t\t\t\t\t<span class=\"elementor-button-text\">Explore now &gt;<\/span>\n\t\t\t\t\t<\/span>\n\t\t\t\t\t<\/a>\n\t\t\t\t<\/div>\n\t\t\t\t\t\t\t\t<\/div>\n\t\t\t\t<\/div>\n\t\t\t\t<\/div>\n\t\t\t\t<\/div>\n\t\t<div class=\"elementor-element elementor-element-4bb8e7a6 e-con-full e-flex e-con e-child\" data-id=\"4bb8e7a6\" data-element_type=\"container\" data-settings=\"{&quot;background_background&quot;:&quot;classic&quot;}\">\n\t\t\t\t<\/div>\n\t\t\t\t<\/div>\n\t\t<div class=\"elementor-element elementor-element-1d997481 e-con-full e-flex e-con e-child\" data-id=\"1d997481\" data-element_type=\"container\">\n\t\t<div class=\"elementor-element elementor-element-b6ba5e2 e-con-full e-flex e-con e-child\" data-id=\"b6ba5e2\" data-element_type=\"container\">\n\t\t\t\t<div class=\"elementor-element elementor-element-228902cf elementor-widget elementor-widget-heading\" data-id=\"228902cf\" data-element_type=\"widget\" data-widget_type=\"heading.default\">\n\t\t\t\t<div class=\"elementor-widget-container\">\n\t\t\t\t\t<h3 class=\"elementor-heading-title elementor-size-default\">Meubles<\/h3>\t\t\t\t<\/div>\n\t\t\t\t<\/div>\n\t\t<div class=\"elementor-element elementor-element-381b5d44 e-con-full e-flex e-con e-child\" data-id=\"381b5d44\" data-element_type=\"container\">\n\t\t\t\t<div class=\"elementor-element elementor-element-ea7876f elementor-align-left elementor-mobile-align-center elementor-widget elementor-widget-button\" data-id=\"ea7876f\" data-element_type=\"widget\" data-widget_type=\"button.default\">\n\t\t\t\t<div class=\"elementor-widget-container\">\n\t\t\t\t\t\t\t\t\t<div class=\"elementor-button-wrapper\">\n\t\t\t\t\t<a class=\"elementor-button elementor-button-link elementor-size-sm elementor-animation-grow\" href=\"#\">\n\t\t\t\t\t\t<span class=\"elementor-button-content-wrapper\">\n\t\t\t\t\t\t\t\t\t<span class=\"elementor-button-text\">Explore now &gt;<\/span>\n\t\t\t\t\t<\/span>\n\t\t\t\t\t<\/a>\n\t\t\t\t<\/div>\n\t\t\t\t\t\t\t\t<\/div>\n\t\t\t\t<\/div>\n\t\t\t\t<\/div>\n\t\t\t\t<\/div>\n\t\t<div class=\"elementor-element elementor-element-9da0cd1 e-con-full e-flex e-con e-child\" data-id=\"9da0cd1\" data-element_type=\"container\" data-settings=\"{&quot;background_background&quot;:&quot;classic&quot;}\">\n\t\t\t\t<\/div>\n\t\t\t\t<\/div>\n\t\t<div class=\"elementor-element elementor-element-5eb7c86d e-con-full e-flex e-con e-child\" data-id=\"5eb7c86d\" data-element_type=\"container\">\n\t\t<div class=\"elementor-element elementor-element-436fca5a e-con-full e-flex e-con e-child\" data-id=\"436fca5a\" data-element_type=\"container\">\n\t\t\t\t<div class=\"elementor-element elementor-element-7a5a74cd elementor-widget elementor-widget-heading\" data-id=\"7a5a74cd\" data-element_type=\"widget\" data-widget_type=\"heading.default\">\n\t\t\t\t<div class=\"elementor-widget-container\">\n\t\t\t\t\t<h3 class=\"elementor-heading-title elementor-size-default\">La Cuisine<\/h3>\t\t\t\t<\/div>\n\t\t\t\t<\/div>\n\t\t<div class=\"elementor-element elementor-element-3cee7169 e-con-full e-flex e-con e-child\" data-id=\"3cee7169\" data-element_type=\"container\">\n\t\t\t\t<div class=\"elementor-element elementor-element-1f8234 elementor-align-left elementor-mobile-align-center elementor-widget elementor-widget-button\" data-id=\"1f8234\" data-element_type=\"widget\" data-widget_type=\"button.default\">\n\t\t\t\t<div class=\"elementor-widget-container\">\n\t\t\t\t\t\t\t\t\t<div class=\"elementor-button-wrapper\">\n\t\t\t\t\t<a class=\"elementor-button elementor-button-link elementor-size-sm elementor-animation-grow\" href=\"#\">\n\t\t\t\t\t\t<span class=\"elementor-button-content-wrapper\">\n\t\t\t\t\t\t\t\t\t<span class=\"elementor-button-text\">Explore now &gt;<\/span>\n\t\t\t\t\t<\/span>\n\t\t\t\t\t<\/a>\n\t\t\t\t<\/div>\n\t\t\t\t\t\t\t\t<\/div>\n\t\t\t\t<\/div>\n\t\t\t\t<\/div>\n\t\t\t\t<\/div>\n\t\t<div class=\"elementor-element elementor-element-22e279b0 e-con-full e-flex e-con e-child\" data-id=\"22e279b0\" data-element_type=\"container\" data-settings=\"{&quot;background_background&quot;:&quot;classic&quot;}\">\n\t\t\t\t<\/div>\n\t\t\t\t<\/div>\n\t\t<div class=\"elementor-element elementor-element-39328dbe e-con-full e-flex e-con e-child\" data-id=\"39328dbe\" data-element_type=\"container\">\n\t\t<div class=\"elementor-element elementor-element-4b61646 e-con-full e-flex e-con e-child\" data-id=\"4b61646\" data-element_type=\"container\">\n\t\t\t\t<div class=\"elementor-element elementor-element-3bb6d531 elementor-widget elementor-widget-heading\" data-id=\"3bb6d531\" data-element_type=\"widget\" data-widget_type=\"heading.default\">\n\t\t\t\t<div class=\"elementor-widget-container\">\n\t\t\t\t\t<h3 class=\"elementor-heading-title elementor-size-default\">Le Salon<\/h3>\t\t\t\t<\/div>\n\t\t\t\t<\/div>\n\t\t<div class=\"elementor-element elementor-element-303097d4 e-con-full e-flex e-con e-child\" data-id=\"303097d4\" data-element_type=\"container\">\n\t\t\t\t<div class=\"elementor-element elementor-element-1c049d9c elementor-align-left elementor-mobile-align-center elementor-widget elementor-widget-button\" data-id=\"1c049d9c\" data-element_type=\"widget\" data-widget_type=\"button.default\">\n\t\t\t\t<div class=\"elementor-widget-container\">\n\t\t\t\t\t\t\t\t\t<div class=\"elementor-button-wrapper\">\n\t\t\t\t\t<a class=\"elementor-button elementor-button-link elementor-size-sm elementor-animation-grow\" href=\"#\">\n\t\t\t\t\t\t<span class=\"elementor-button-content-wrapper\">\n\t\t\t\t\t\t\t\t\t<span class=\"elementor-button-text\">Explore now &gt;<\/span>\n\t\t\t\t\t<\/span>\n\t\t\t\t\t<\/a>\n\t\t\t\t<\/div>\n\t\t\t\t\t\t\t\t<\/div>\n\t\t\t\t<\/div>\n\t\t\t\t<\/div>\n\t\t\t\t<\/div>\n\t\t<div class=\"elementor-element elementor-element-72680c27 e-con-full e-flex e-con e-child\" data-id=\"72680c27\" data-element_type=\"container\" data-settings=\"{&quot;background_background&quot;:&quot;classic&quot;}\">\n\t\t\t\t<\/div>\n\t\t\t\t<\/div>\n\t\t<div class=\"elementor-element elementor-element-b0104a0 e-con-full e-flex e-con e-child\" data-id=\"b0104a0\" data-element_type=\"container\">\n\t\t\t\t<\/div>\n\t\t\t\t<\/div>\n\t\t\t\t<\/div>\n\t\t","protected":false},"excerpt":{"rendered":"<p>TROKEUR MAISONS Mobilier &amp; Objets Tout pour la maison en Seconde Chance Boutiques &gt; TROKEUR D\u00c9BARRAS Services D\u00e9barras Maison Succession Senior Trokeur D\u00e9barras&gt; TROKEUR MAISONS boutique 75 TROKEUR MAISONS Toutes nos cat\u00e9gories D\u00e9corationInt\u00e9rieur Explore now &gt; Meubles Explore now &gt; La Cuisine Explore now &gt; Le Salon Explore now &gt;<\/p>\n","protected":false},"author":1,"featured_media":0,"parent":0,"menu_order":0,"comment_status":"closed","ping_status":"closed","template":"","meta":{"footnotes":""},"class_list":["post-319","page","type-page","status-publish","hentry"],"_links":{"self":[{"href":"https:\/\/digitaleditor75.fr\/index.php?rest_route=\/wp\/v2\/pages\/319","targetHints":{"allow":["GET"]}}],"collection":[{"href":"https:\/\/digitaleditor75.fr\/index.php?rest_route=\/wp\/v2\/pages"}],"about":[{"href":"https:\/\/digitaleditor75.fr\/index.php?rest_route=\/wp\/v2\/types\/page"}],"author":[{"embeddable":true,"href":"https:\/\/digitaleditor75.fr\/index.php?rest_route=\/wp\/v2\/users\/1"}],"replies":[{"embeddable":true,"href":"https:\/\/digitaleditor75.fr\/index.php?rest_route=%2Fwp%2Fv2%2Fcomments&post=319"}],"version-history":[{"count":4,"href":"https:\/\/digitaleditor75.fr\/index.php?rest_route=\/wp\/v2\/pages\/319\/revisions"}],"predecessor-version":[{"id":323,"href":"https:\/\/digitaleditor75.fr\/index.php?rest_route=\/wp\/v2\/pages\/319\/revisions\/323"}],"wp:attachment":[{"href":"https:\/\/digitaleditor75.fr\/index.php?rest_route=%2Fwp%2Fv2%2Fmedia&parent=319"}],"curies":[{"name":"wp","href":"https:\/\/api.w.org\/{rel}","templated":true}]}}